{"id":32,"date":"2024-02-01T16:07:18","date_gmt":"2024-02-01T15:07:18","guid":{"rendered":"https:\/\/anyart.es\/?page_id=32"},"modified":"2024-10-23T15:57:56","modified_gmt":"2024-10-23T13:57:56","slug":"especialistas-en-artes-graficas-madrid","status":"publish","type":"page","link":"https:\/\/anyart.es\/?page_id=32","title":{"rendered":"EMPRESA"},"content":{"rendered":"\t\t<div data-elementor-type=\"wp-page\" data-elementor-id=\"32\" class=\"elementor elementor-32\" data-elementor-post-type=\"page\">\n\t\t\t\t\t\t<section class=\"elementor-section elementor-top-section elementor-element elementor-element-20e4068c elementor-section-boxed elementor-section-height-default elementor-section-height-default\" data-id=\"20e4068c\" data-element_type=\"section\" data-settings=\"{&quot;background_background&quot;:&quot;classic&quot;}\">\n\t\t\t\t\t\t\t<div class=\"elementor-background-overlay\"><\/div>\n\t\t\t\t\t\t\t<div class=\"elementor-container elementor-column-gap-default\">\n\t\t\t\t\t<div class=\"elementor-column elementor-col-50 elementor-top-column elementor-element elementor-element-169d10b7\" data-id=\"169d10b7\" data-element_type=\"column\" data-settings=\"{&quot;background_background&quot;:&quot;classic&quot;}\">\n\t\t\t<div class=\"elementor-widget-wrap elementor-element-populated\">\n\t\t\t\t\t\t<div class=\"elementor-element elementor-element-40cef9b elementor-widget elementor-widget-heading\" data-id=\"40cef9b\" data-element_type=\"widget\" data-widget_type=\"heading.default\">\n\t\t\t\t<div class=\"elementor-widget-container\">\n\t\t\t<span class=\"elementor-heading-title elementor-size-default\">EMPRESA<\/span>\t\t<\/div>\n\t\t\t\t<\/div>\n\t\t\t\t<div class=\"elementor-element elementor-element-5790d9a6 elementor-icon-list--layout-inline elementor-align-left e-transform e-transform elementor-list-item-link-full_width elementor-widget elementor-widget-icon-list\" data-id=\"5790d9a6\" data-element_type=\"widget\" data-settings=\"{&quot;_transform_translateX_effect_hover&quot;:{&quot;unit&quot;:&quot;px&quot;,&quot;size&quot;:&quot;&quot;,&quot;sizes&quot;:[]},&quot;_transform_translateX_effect_hover_tablet&quot;:{&quot;unit&quot;:&quot;px&quot;,&quot;size&quot;:&quot;&quot;,&quot;sizes&quot;:[]},&quot;_transform_translateX_effect_hover_mobile&quot;:{&quot;unit&quot;:&quot;px&quot;,&quot;size&quot;:&quot;&quot;,&quot;sizes&quot;:[]},&quot;_transform_translateY_effect_hover&quot;:{&quot;unit&quot;:&quot;px&quot;,&quot;size&quot;:&quot;&quot;,&quot;sizes&quot;:[]},&quot;_transform_translateY_effect_hover_tablet&quot;:{&quot;unit&quot;:&quot;px&quot;,&quot;size&quot;:&quot;&quot;,&quot;sizes&quot;:[]},&quot;_transform_translateY_effect_hover_mobile&quot;:{&quot;unit&quot;:&quot;px&quot;,&quot;size&quot;:&quot;&quot;,&quot;sizes&quot;:[]},&quot;_transform_scale_effect_hover&quot;:{&quot;unit&quot;:&quot;px&quot;,&quot;size&quot;:&quot;&quot;,&quot;sizes&quot;:[]},&quot;_transform_scale_effect_hover_tablet&quot;:{&quot;unit&quot;:&quot;px&quot;,&quot;size&quot;:&quot;&quot;,&quot;sizes&quot;:[]},&quot;_transform_scale_effect_hover_mobile&quot;:{&quot;unit&quot;:&quot;px&quot;,&quot;size&quot;:&quot;&quot;,&quot;sizes&quot;:[]}}\" data-widget_type=\"icon-list.default\">\n\t\t\t\t<div class=\"elementor-widget-container\">\n\t\t\t\t\t<ul class=\"elementor-icon-list-items elementor-inline-items\">\n\t\t\t\t\t\t\t<li class=\"elementor-icon-list-item elementor-inline-item\">\n\t\t\t\t\t\t\t\t\t\t\t<a href=\"https:\/\/anyart.es\/diseno-grafico-madrid\/\">\n\n\t\t\t\t\t\t\t\t\t\t\t<span class=\"elementor-icon-list-text\">Dise\u00f1o<\/span>\n\t\t\t\t\t\t\t\t\t\t\t<\/a>\n\t\t\t\t\t\t\t\t\t<\/li>\n\t\t\t\t\t\t\t\t<li class=\"elementor-icon-list-item elementor-inline-item\">\n\t\t\t\t\t\t\t\t\t\t\t<a href=\"https:\/\/anyart.es\/artes-graficas-e-imprenta-en-madrid\/\">\n\n\t\t\t\t\t\t\t\t\t\t\t\t<span class=\"elementor-icon-list-icon\">\n\t\t\t\t\t\t\t<svg aria-hidden=\"true\" class=\"e-font-icon-svg e-fas-chevron-right\" viewBox=\"0 0 320 512\" xmlns=\"http:\/\/www.w3.org\/2000\/svg\"><path d=\"M285.476 272.971L91.132 467.314c-9.373 9.373-24.569 9.373-33.941 0l-22.667-22.667c-9.357-9.357-9.375-24.522-.04-33.901L188.505 256 34.484 101.255c-9.335-9.379-9.317-24.544.04-33.901l22.667-22.667c9.373-9.373 24.569-9.373 33.941 0L285.475 239.03c9.373 9.372 9.373 24.568.001 33.941z\"><\/path><\/svg>\t\t\t\t\t\t<\/span>\n\t\t\t\t\t\t\t\t\t\t<span class=\"elementor-icon-list-text\">Contacto<\/span>\n\t\t\t\t\t\t\t\t\t\t\t<\/a>\n\t\t\t\t\t\t\t\t\t<\/li>\n\t\t\t\t\t\t<\/ul>\n\t\t\t\t<\/div>\n\t\t\t\t<\/div>\n\t\t\t\t\t<\/div>\n\t\t<\/div>\n\t\t\t\t<div class=\"elementor-column elementor-col-50 elementor-top-column elementor-element elementor-element-1305213d\" data-id=\"1305213d\" data-element_type=\"column\">\n\t\t\t<div class=\"elementor-widget-wrap\">\n\t\t\t\t\t\t\t<\/div>\n\t\t<\/div>\n\t\t\t\t\t<\/div>\n\t\t<\/section>\n\t\t\t\t<section class=\"elementor-section elementor-top-section elementor-element elementor-element-7cd12204 elementor-section-boxed elementor-section-height-default elementor-section-height-default\" data-id=\"7cd12204\" data-element_type=\"section\">\n\t\t\t\t\t\t<div class=\"elementor-container elementor-column-gap-default\">\n\t\t\t\t\t<div class=\"elementor-column elementor-col-50 elementor-top-column elementor-element elementor-element-208507b2\" data-id=\"208507b2\" data-element_type=\"column\" data-settings=\"{&quot;background_background&quot;:&quot;classic&quot;}\">\n\t\t\t<div class=\"elementor-widget-wrap elementor-element-populated\">\n\t\t\t\t\t\t<div class=\"elementor-element elementor-element-24459b4e elementor-invisible elementor-widget elementor-widget-heading\" data-id=\"24459b4e\" data-element_type=\"widget\" data-settings=\"{&quot;_animation&quot;:&quot;fadeInDown&quot;}\" data-widget_type=\"heading.default\">\n\t\t\t\t<div class=\"elementor-widget-container\">\n\t\t\t<h2 class=\"elementor-heading-title elementor-size-default\">ANY ART: \n<br>Especialistas  en artes gr\u00e1ficas en Madrid<\/h2>\t\t<\/div>\n\t\t\t\t<\/div>\n\t\t\t\t<div class=\"elementor-element elementor-element-4af84d37 elementor-invisible elementor-widget elementor-widget-heading\" data-id=\"4af84d37\" data-element_type=\"widget\" data-settings=\"{&quot;_animation&quot;:&quot;fadeInLeft&quot;}\" data-widget_type=\"heading.default\">\n\t\t\t\t<div class=\"elementor-widget-container\">\n\t\t\t<h3 class=\"elementor-heading-title elementor-size-default\">Nuestra Historia en Any Art<\/h3>\t\t<\/div>\n\t\t\t\t<\/div>\n\t\t\t\t<div class=\"elementor-element elementor-element-24e7c7d elementor-invisible elementor-widget elementor-widget-heading\" data-id=\"24e7c7d\" data-element_type=\"widget\" data-settings=\"{&quot;_animation&quot;:&quot;fadeInLeft&quot;}\" data-widget_type=\"heading.default\">\n\t\t\t\t<div class=\"elementor-widget-container\">\n\t\t\t<p class=\"elementor-heading-title elementor-size-default\">Fundada en 2023, Any Art es un estudio de comunicaci\u00f3n especializado en ofrecer servicios integrales 360\u00ba a nuestros clientes. Con una amplia experiencia en el sector, nuestro equipo joven y din\u00e1mico se destaca por su profesionalidad en \u00e1reas como dise\u00f1o gr\u00e1fico, publicidad y organizaci\u00f3n de eventos.\n\n<br>\n\nEn Any Art, no s\u00f3lo nos enorgullece proporcionar servicios de alta calidad, sino que tambi\u00e9n nos apasiona lo que hacemos. Nuestro amplio abanico de servicios nos permite adaptarnos a tus necesidades espec\u00edficas y ofrecerte soluciones creativas y efectivas.\n<\/p>\t\t<\/div>\n\t\t\t\t<\/div>\n\t\t\t\t<div class=\"elementor-element elementor-element-40569c7 elementor-widget__width-initial elementor-widget-divider--view-line elementor-widget elementor-widget-divider\" data-id=\"40569c7\" data-element_type=\"widget\" data-widget_type=\"divider.default\">\n\t\t\t\t<div class=\"elementor-widget-container\">\n\t\t\t\t\t<div class=\"elementor-divider\">\n\t\t\t<span class=\"elementor-divider-separator\">\n\t\t\t\t\t\t<\/span>\n\t\t<\/div>\n\t\t\t\t<\/div>\n\t\t\t\t<\/div>\n\t\t\t\t\t<\/div>\n\t\t<\/div>\n\t\t\t\t<div class=\"elementor-column elementor-col-50 elementor-top-column elementor-element elementor-element-6351eb0\" data-id=\"6351eb0\" data-element_type=\"column\">\n\t\t\t<div class=\"elementor-widget-wrap elementor-element-populated\">\n\t\t\t\t\t\t<div class=\"elementor-element elementor-element-3c3f71a animated-slow elementor-invisible elementor-widget elementor-widget-image\" data-id=\"3c3f71a\" data-element_type=\"widget\" data-settings=\"{&quot;_animation&quot;:&quot;fadeIn&quot;}\" data-widget_type=\"image.default\">\n\t\t\t\t<div class=\"elementor-widget-container\">\n\t\t\t\t\t\t\t\t\t\t\t\t\t<img fetchpriority=\"high\" decoding=\"async\" width=\"768\" height=\"987\" src=\"https:\/\/anyart.es\/wp-content\/uploads\/2024\/09\/especialistas-artes-graficas-madrid-impresion-gran-tamano-768x987.jpg\" class=\"attachment-medium_large size-medium_large wp-image-505\" alt=\"\" srcset=\"https:\/\/anyart.es\/wp-content\/uploads\/2024\/09\/especialistas-artes-graficas-madrid-impresion-gran-tamano-768x987.jpg 768w, https:\/\/anyart.es\/wp-content\/uploads\/2024\/09\/especialistas-artes-graficas-madrid-impresion-gran-tamano-233x300.jpg 233w, https:\/\/anyart.es\/wp-content\/uploads\/2024\/09\/especialistas-artes-graficas-madrid-impresion-gran-tamano-796x1024.jpg 796w, https:\/\/anyart.es\/wp-content\/uploads\/2024\/09\/especialistas-artes-graficas-madrid-impresion-gran-tamano.jpg 896w\" sizes=\"(max-width: 768px) 100vw, 768px\" \/>\t\t\t\t\t\t\t\t\t\t\t\t\t<\/div>\n\t\t\t\t<\/div>\n\t\t\t\t\t<\/div>\n\t\t<\/div>\n\t\t\t\t\t<\/div>\n\t\t<\/section>\n\t\t\t\t<section class=\"elementor-section elementor-top-section elementor-element elementor-element-3baf0af elementor-section-boxed elementor-section-height-default elementor-section-height-default\" data-id=\"3baf0af\" data-element_type=\"section\">\n\t\t\t\t\t\t<div class=\"elementor-container elementor-column-gap-default\">\n\t\t\t\t\t<div class=\"elementor-column elementor-col-50 elementor-top-column elementor-element elementor-element-9b717e8\" data-id=\"9b717e8\" data-element_type=\"column\">\n\t\t\t<div class=\"elementor-widget-wrap elementor-element-populated\">\n\t\t\t\t\t\t<div class=\"elementor-element elementor-element-54023db animated-slow elementor-hidden-mobile elementor-invisible elementor-widget elementor-widget-image\" data-id=\"54023db\" data-element_type=\"widget\" data-settings=\"{&quot;_animation&quot;:&quot;fadeIn&quot;}\" data-widget_type=\"image.default\">\n\t\t\t\t<div class=\"elementor-widget-container\">\n\t\t\t\t\t\t\t\t\t\t\t\t\t<img decoding=\"async\" width=\"580\" height=\"580\" src=\"https:\/\/anyart.es\/wp-content\/uploads\/2024\/10\/iPR_V900-1-1.png\" class=\"attachment-medium_large size-medium_large wp-image-1569\" alt=\"maquina-de-imprenta-en-madrid-regalos-personalizados\" srcset=\"https:\/\/anyart.es\/wp-content\/uploads\/2024\/10\/iPR_V900-1-1.png 580w, https:\/\/anyart.es\/wp-content\/uploads\/2024\/10\/iPR_V900-1-1-300x300.png 300w, https:\/\/anyart.es\/wp-content\/uploads\/2024\/10\/iPR_V900-1-1-150x150.png 150w, https:\/\/anyart.es\/wp-content\/uploads\/2024\/10\/elementor\/thumbs\/iPR_V900-1-1-150x150.png 1000w\" sizes=\"(max-width: 580px) 100vw, 580px\" \/>\t\t\t\t\t\t\t\t\t\t\t\t\t<\/div>\n\t\t\t\t<\/div>\n\t\t\t\t<div class=\"elementor-element elementor-element-44beb32 elementor-invisible elementor-widget elementor-widget-heading\" data-id=\"44beb32\" data-element_type=\"widget\" data-settings=\"{&quot;_animation&quot;:&quot;zoomIn&quot;}\" data-widget_type=\"heading.default\">\n\t\t\t\t<div class=\"elementor-widget-container\">\n\t\t\t<h2 class=\"elementor-heading-title elementor-size-default\">\u00a1Cont\u00e1ctanos hoy mismo y descubre c\u00f3mo Any Art puede ayudarte a alcanzar tus objetivos de manera eficiente y efectiva!<\/h2>\t\t<\/div>\n\t\t\t\t<\/div>\n\t\t\t\t<div class=\"elementor-element elementor-element-7808c17 elementor-widget__width-auto elementor-widget-mobile__width-initial elementor-absolute elementor-hidden-mobile elementor-widget elementor-widget-jkit_button\" data-id=\"7808c17\" data-element_type=\"widget\" data-settings=\"{&quot;_position&quot;:&quot;absolute&quot;}\" data-widget_type=\"jkit_button.default\">\n\t\t\t\t<div class=\"elementor-widget-container\">\n\t\t\t<div  class=\"jeg-elementor-kit jkit-button  icon-position-after jeg_module___69ee1cb5d3c74\" ><a href=\"https:\/\/anyart.es\/artes-graficas-e-imprenta-en-madrid\/\" class=\"jkit-button-wrapper\">CONT\u00c1CTANOS<\/a><\/div>\t\t<\/div>\n\t\t\t\t<\/div>\n\t\t\t\t\t<\/div>\n\t\t<\/div>\n\t\t\t\t<div class=\"elementor-column elementor-col-50 elementor-top-column elementor-element elementor-element-0642aa4\" data-id=\"0642aa4\" data-element_type=\"column\" data-settings=\"{&quot;background_background&quot;:&quot;classic&quot;}\">\n\t\t\t<div class=\"elementor-widget-wrap elementor-element-populated\">\n\t\t\t\t\t\t<div class=\"elementor-element elementor-element-189c6de elementor-widget__width-initial elementor-invisible elementor-widget elementor-widget-heading\" data-id=\"189c6de\" data-element_type=\"widget\" data-settings=\"{&quot;_animation&quot;:&quot;fadeInRight&quot;}\" data-widget_type=\"heading.default\">\n\t\t\t\t<div class=\"elementor-widget-container\">\n\t\t\t<p class=\"elementor-heading-title elementor-size-default\">\u00bfC\u00f3mo te podemos ayudar con nuestros servicios de Artes Gr\u00e1ficas en Madrid?<\/p>\t\t<\/div>\n\t\t\t\t<\/div>\n\t\t\t\t<div class=\"elementor-element elementor-element-e1bf8ea elementor-invisible elementor-widget elementor-widget-heading\" data-id=\"e1bf8ea\" data-element_type=\"widget\" data-settings=\"{&quot;_animation&quot;:&quot;fadeInLeft&quot;}\" data-widget_type=\"heading.default\">\n\t\t\t\t<div class=\"elementor-widget-container\">\n\t\t\t<p class=\"elementor-heading-title elementor-size-default\">Ya sea que est\u00e9s buscando dise\u00f1ar una identidad visual impactante, promocionar tu marca de manera innovadora o crear eventos memorables, estamos listos para trabajar contigo. Estamos ansiosos por llevar tus ideas al pr\u00f3ximo nivel y crear un impacto duradero en tu p\u00fablico objetivo.\n<\/p>\t\t<\/div>\n\t\t\t\t<\/div>\n\t\t\t\t<div class=\"elementor-element elementor-element-c248cd7 elementor-invisible elementor-widget elementor-widget-heading\" data-id=\"c248cd7\" data-element_type=\"widget\" data-settings=\"{&quot;_animation&quot;:&quot;fadeInLeft&quot;}\" data-widget_type=\"heading.default\">\n\t\t\t\t<div class=\"elementor-widget-container\">\n\t\t\t<p class=\"elementor-heading-title elementor-size-default\">Si est\u00e1s buscando un socio confiable y comprometido que pueda ofrecerte soluciones de comunicaci\u00f3n completas, est\u00e1s en el lugar correcto.\nServicios de alta calidad, sino que tambi\u00e9n nos apasiona lo que hacemos. Nuestro amplio abanico de servicios nos permite adaptarnos a tus necesidades espec\u00edficas y ofrecerte soluciones creativas y efectivas.\n<\/p>\t\t<\/div>\n\t\t\t\t<\/div>\n\t\t\t\t<div class=\"elementor-element elementor-element-135c338 elementor-widget__width-initial elementor-widget-divider--view-line elementor-widget elementor-widget-divider\" data-id=\"135c338\" data-element_type=\"widget\" data-widget_type=\"divider.default\">\n\t\t\t\t<div class=\"elementor-widget-container\">\n\t\t\t\t\t<div class=\"elementor-divider\">\n\t\t\t<span class=\"elementor-divider-separator\">\n\t\t\t\t\t\t<\/span>\n\t\t<\/div>\n\t\t\t\t<\/div>\n\t\t\t\t<\/div>\n\t\t\t\t\t<\/div>\n\t\t<\/div>\n\t\t\t\t\t<\/div>\n\t\t<\/section>\n\t\t\t\t<\/div>\n\t\t","protected":false},"excerpt":{"rendered":"<p>EMPRESA Dise\u00f1o Contacto ANY ART: Especialistas en artes gr\u00e1ficas en Madrid Nuestra Historia en Any Art Fundada en 2023, Any Art es un estudio de comunicaci\u00f3n especializado en ofrecer servicios integrales 360\u00ba a nuestros clientes. Con una amplia experiencia en el sector, nuestro equipo joven y din\u00e1mico se destaca por su profesionalidad en \u00e1reas como [&hellip;]<\/p>\n","protected":false},"author":1,"featured_media":0,"parent":0,"menu_order":0,"comment_status":"closed","ping_status":"closed","template":"elementor_header_footer","meta":{"_joinchat":[],"footnotes":""},"class_list":["post-32","page","type-page","status-publish","hentry"],"yoast_head":"<!-- This site is optimized with the Yoast SEO plugin v23.5 - https:\/\/yoast.com\/wordpress\/plugins\/seo\/ -->\n<title>ANY ART | Especialistas en artes gr\u00e1ficas en Madrid y Online<\/title>\n<meta name=\"description\" content=\"En ANY ART ofrecemos servicios de impresi\u00f3n de alta calidad, dise\u00f1o personalizado y soluciones creativas para tus proyectos. \u00a1Desc\u00fabrenos!\" \/>\n<meta name=\"robots\" content=\"index, follow, max-snippet:-1, max-image-preview:large, max-video-preview:-1\" \/>\n<link rel=\"canonical\" href=\"https:\/\/anyart.es\/?page_id=32\" \/>\n<meta property=\"og:locale\" content=\"es_ES\" \/>\n<meta property=\"og:type\" content=\"article\" \/>\n<meta property=\"og:title\" content=\"ANY ART | Especialistas en artes gr\u00e1ficas en Madrid y Online\" \/>\n<meta property=\"og:description\" content=\"En ANY ART ofrecemos servicios de impresi\u00f3n de alta calidad, dise\u00f1o personalizado y soluciones creativas para tus proyectos. \u00a1Desc\u00fabrenos!\" \/>\n<meta property=\"og:url\" content=\"https:\/\/anyart.es\/?page_id=32\" \/>\n<meta property=\"og:site_name\" content=\"Artes Gr\u00e1ficas Madrid\" \/>\n<meta property=\"article:modified_time\" content=\"2024-10-23T13:57:56+00:00\" \/>\n<meta property=\"og:image\" content=\"http:\/\/anyart.es\/wp-content\/uploads\/2024\/09\/especialistas-artes-graficas-madrid-impresion-gran-tamano-768x987.jpg\" \/>\n<meta name=\"twitter:card\" content=\"summary_large_image\" \/>\n<meta name=\"twitter:label1\" content=\"Tiempo de lectura\" \/>\n\t<meta name=\"twitter:data1\" content=\"2 minutos\" \/>\n<script type=\"application\/ld+json\" class=\"yoast-schema-graph\">{\"@context\":\"https:\/\/schema.org\",\"@graph\":[{\"@type\":\"WebPage\",\"@id\":\"https:\/\/anyart.es\/?page_id=32\",\"url\":\"https:\/\/anyart.es\/?page_id=32\",\"name\":\"ANY ART | Especialistas en artes gr\u00e1ficas en Madrid y Online\",\"isPartOf\":{\"@id\":\"https:\/\/anyart.es\/#website\"},\"primaryImageOfPage\":{\"@id\":\"https:\/\/anyart.es\/?page_id=32#primaryimage\"},\"image\":{\"@id\":\"https:\/\/anyart.es\/?page_id=32#primaryimage\"},\"thumbnailUrl\":\"http:\/\/anyart.es\/wp-content\/uploads\/2024\/09\/especialistas-artes-graficas-madrid-impresion-gran-tamano-768x987.jpg\",\"datePublished\":\"2024-02-01T15:07:18+00:00\",\"dateModified\":\"2024-10-23T13:57:56+00:00\",\"description\":\"En ANY ART ofrecemos servicios de impresi\u00f3n de alta calidad, dise\u00f1o personalizado y soluciones creativas para tus proyectos. \u00a1Desc\u00fabrenos!\",\"breadcrumb\":{\"@id\":\"https:\/\/anyart.es\/?page_id=32#breadcrumb\"},\"inLanguage\":\"es\",\"potentialAction\":[{\"@type\":\"ReadAction\",\"target\":[\"https:\/\/anyart.es\/?page_id=32\"]}]},{\"@type\":\"ImageObject\",\"inLanguage\":\"es\",\"@id\":\"https:\/\/anyart.es\/?page_id=32#primaryimage\",\"url\":\"https:\/\/anyart.es\/wp-content\/uploads\/2024\/09\/especialistas-artes-graficas-madrid-impresion-gran-tamano.jpg\",\"contentUrl\":\"https:\/\/anyart.es\/wp-content\/uploads\/2024\/09\/especialistas-artes-graficas-madrid-impresion-gran-tamano.jpg\",\"width\":896,\"height\":1152},{\"@type\":\"BreadcrumbList\",\"@id\":\"https:\/\/anyart.es\/?page_id=32#breadcrumb\",\"itemListElement\":[{\"@type\":\"ListItem\",\"position\":1,\"name\":\"Portada\",\"item\":\"https:\/\/anyart.es\/\"},{\"@type\":\"ListItem\",\"position\":2,\"name\":\"EMPRESA\"}]},{\"@type\":\"WebSite\",\"@id\":\"https:\/\/anyart.es\/#website\",\"url\":\"https:\/\/anyart.es\/\",\"name\":\"Artes Gr\u00e1ficas Madrid\",\"description\":\"Artes graficas: dise\u00f1o gr\u00e1fico, imprenta, imprenta digital, regalos promocionales, regalos publicitarios, imprenta gran formato en Madrid\",\"publisher\":{\"@id\":\"https:\/\/anyart.es\/#organization\"},\"potentialAction\":[{\"@type\":\"SearchAction\",\"target\":{\"@type\":\"EntryPoint\",\"urlTemplate\":\"https:\/\/anyart.es\/?s={search_term_string}\"},\"query-input\":{\"@type\":\"PropertyValueSpecification\",\"valueRequired\":true,\"valueName\":\"search_term_string\"}}],\"inLanguage\":\"es\"},{\"@type\":\"Organization\",\"@id\":\"https:\/\/anyart.es\/#organization\",\"name\":\"Artes Gr\u00e1ficas Madrid\",\"url\":\"https:\/\/anyart.es\/\",\"logo\":{\"@type\":\"ImageObject\",\"inLanguage\":\"es\",\"@id\":\"https:\/\/anyart.es\/#\/schema\/logo\/image\/\",\"url\":\"https:\/\/anyart.es\/wp-content\/uploads\/2024\/02\/logo-artes-graficas-madrid-anyart.png\",\"contentUrl\":\"https:\/\/anyart.es\/wp-content\/uploads\/2024\/02\/logo-artes-graficas-madrid-anyart.png\",\"width\":507,\"height\":492,\"caption\":\"Artes Gr\u00e1ficas Madrid\"},\"image\":{\"@id\":\"https:\/\/anyart.es\/#\/schema\/logo\/image\/\"}}]}<\/script>\n<!-- \/ Yoast SEO plugin. -->","yoast_head_json":{"title":"ANY ART | Especialistas en artes gr\u00e1ficas en Madrid y Online","description":"En ANY ART ofrecemos servicios de impresi\u00f3n de alta calidad, dise\u00f1o personalizado y soluciones creativas para tus proyectos. \u00a1Desc\u00fabrenos!","robots":{"index":"index","follow":"follow","max-snippet":"max-snippet:-1","max-image-preview":"max-image-preview:large","max-video-preview":"max-video-preview:-1"},"canonical":"https:\/\/anyart.es\/?page_id=32","og_locale":"es_ES","og_type":"article","og_title":"ANY ART | Especialistas en artes gr\u00e1ficas en Madrid y Online","og_description":"En ANY ART ofrecemos servicios de impresi\u00f3n de alta calidad, dise\u00f1o personalizado y soluciones creativas para tus proyectos. \u00a1Desc\u00fabrenos!","og_url":"https:\/\/anyart.es\/?page_id=32","og_site_name":"Artes Gr\u00e1ficas Madrid","article_modified_time":"2024-10-23T13:57:56+00:00","og_image":[{"url":"http:\/\/anyart.es\/wp-content\/uploads\/2024\/09\/especialistas-artes-graficas-madrid-impresion-gran-tamano-768x987.jpg"}],"twitter_card":"summary_large_image","twitter_misc":{"Tiempo de lectura":"2 minutos"},"schema":{"@context":"https:\/\/schema.org","@graph":[{"@type":"WebPage","@id":"https:\/\/anyart.es\/?page_id=32","url":"https:\/\/anyart.es\/?page_id=32","name":"ANY ART | Especialistas en artes gr\u00e1ficas en Madrid y Online","isPartOf":{"@id":"https:\/\/anyart.es\/#website"},"primaryImageOfPage":{"@id":"https:\/\/anyart.es\/?page_id=32#primaryimage"},"image":{"@id":"https:\/\/anyart.es\/?page_id=32#primaryimage"},"thumbnailUrl":"http:\/\/anyart.es\/wp-content\/uploads\/2024\/09\/especialistas-artes-graficas-madrid-impresion-gran-tamano-768x987.jpg","datePublished":"2024-02-01T15:07:18+00:00","dateModified":"2024-10-23T13:57:56+00:00","description":"En ANY ART ofrecemos servicios de impresi\u00f3n de alta calidad, dise\u00f1o personalizado y soluciones creativas para tus proyectos. \u00a1Desc\u00fabrenos!","breadcrumb":{"@id":"https:\/\/anyart.es\/?page_id=32#breadcrumb"},"inLanguage":"es","potentialAction":[{"@type":"ReadAction","target":["https:\/\/anyart.es\/?page_id=32"]}]},{"@type":"ImageObject","inLanguage":"es","@id":"https:\/\/anyart.es\/?page_id=32#primaryimage","url":"https:\/\/anyart.es\/wp-content\/uploads\/2024\/09\/especialistas-artes-graficas-madrid-impresion-gran-tamano.jpg","contentUrl":"https:\/\/anyart.es\/wp-content\/uploads\/2024\/09\/especialistas-artes-graficas-madrid-impresion-gran-tamano.jpg","width":896,"height":1152},{"@type":"BreadcrumbList","@id":"https:\/\/anyart.es\/?page_id=32#breadcrumb","itemListElement":[{"@type":"ListItem","position":1,"name":"Portada","item":"https:\/\/anyart.es\/"},{"@type":"ListItem","position":2,"name":"EMPRESA"}]},{"@type":"WebSite","@id":"https:\/\/anyart.es\/#website","url":"https:\/\/anyart.es\/","name":"Artes Gr\u00e1ficas Madrid","description":"Artes graficas: dise\u00f1o gr\u00e1fico, imprenta, imprenta digital, regalos promocionales, regalos publicitarios, imprenta gran formato en Madrid","publisher":{"@id":"https:\/\/anyart.es\/#organization"},"potentialAction":[{"@type":"SearchAction","target":{"@type":"EntryPoint","urlTemplate":"https:\/\/anyart.es\/?s={search_term_string}"},"query-input":{"@type":"PropertyValueSpecification","valueRequired":true,"valueName":"search_term_string"}}],"inLanguage":"es"},{"@type":"Organization","@id":"https:\/\/anyart.es\/#organization","name":"Artes Gr\u00e1ficas Madrid","url":"https:\/\/anyart.es\/","logo":{"@type":"ImageObject","inLanguage":"es","@id":"https:\/\/anyart.es\/#\/schema\/logo\/image\/","url":"https:\/\/anyart.es\/wp-content\/uploads\/2024\/02\/logo-artes-graficas-madrid-anyart.png","contentUrl":"https:\/\/anyart.es\/wp-content\/uploads\/2024\/02\/logo-artes-graficas-madrid-anyart.png","width":507,"height":492,"caption":"Artes Gr\u00e1ficas Madrid"},"image":{"@id":"https:\/\/anyart.es\/#\/schema\/logo\/image\/"}}]}},"_links":{"self":[{"href":"https:\/\/anyart.es\/index.php?rest_route=\/wp\/v2\/pages\/32","targetHints":{"allow":["GET"]}}],"collection":[{"href":"https:\/\/anyart.es\/index.php?rest_route=\/wp\/v2\/pages"}],"about":[{"href":"https:\/\/anyart.es\/index.php?rest_route=\/wp\/v2\/types\/page"}],"author":[{"embeddable":true,"href":"https:\/\/anyart.es\/index.php?rest_route=\/wp\/v2\/users\/1"}],"replies":[{"embeddable":true,"href":"https:\/\/anyart.es\/index.php?rest_route=%2Fwp%2Fv2%2Fcomments&post=32"}],"version-history":[{"count":100,"href":"https:\/\/anyart.es\/index.php?rest_route=\/wp\/v2\/pages\/32\/revisions"}],"predecessor-version":[{"id":1590,"href":"https:\/\/anyart.es\/index.php?rest_route=\/wp\/v2\/pages\/32\/revisions\/1590"}],"wp:attachment":[{"href":"https:\/\/anyart.es\/index.php?rest_route=%2Fwp%2Fv2%2Fmedia&parent=32"}],"curies":[{"name":"wp","href":"https:\/\/api.w.org\/{rel}","templated":true}]}}